{"id":9,"date":"2021-09-04T07:31:57","date_gmt":"2021-09-04T07:31:57","guid":{"rendered":"https:\/\/www.fieberkurve.ch\/?page_id=9"},"modified":"2023-03-12T11:16:10","modified_gmt":"2023-03-12T11:16:10","slug":"willkommen","status":"publish","type":"page","link":"https:\/\/fieberkurve.ch\/","title":{"rendered":"Willkommen"},"content":{"rendered":"<p><div class=\"fusion-fullwidth fullwidth-box fusion-builder-row-1 fusion-flex-container nonhundred-percent-fullwidth non-hundred-percent-height-scrolling\" style=\"--awb-border-radius-top-left:0px;--awb-border-radius-top-right:0px;--awb-border-radius-bottom-right:0px;--awb-border-radius-bottom-left:0px;--awb-flex-wrap:wrap;\" ><div class=\"fusion-builder-row fusion-row fusion-flex-align-items-flex-start fusion-flex-content-wrap\" style=\"max-width:1064.96px;margin-left: calc(-4% \/ 2 );margin-right: calc(-4% \/ 2 );\"><div class=\"fusion-layout-column fusion_builder_column fusion-builder-column-0 fusion_builder_column_1_1 1_1 fusion-flex-column\" style=\"--awb-bg-blend:overlay;--awb-bg-size:cover;--awb-width-large:100%;--awb-margin-top-large:20px;--awb-spacing-right-large:1.92%;--awb-margin-bottom-large:0px;--awb-spacing-left-large:1.92%;--awb-width-medium:100%;--awb-spacing-right-medium:1.92%;--awb-spacing-left-medium:1.92%;--awb-width-small:100%;--awb-spacing-right-small:1.92%;--awb-spacing-left-small:1.92%;\"><div class=\"fusion-column-wrapper fusion-flex-justify-content-flex-start fusion-content-layout-column\"><div class=\"fusion-title title fusion-title-1 fusion-sep-none fusion-title-text fusion-title-size-five\" style=\"--awb-margin-top:20px;--awb-margin-bottom:20px;--awb-margin-top-small:10px;--awb-margin-right-small:0px;--awb-margin-bottom-small:10px;--awb-margin-left-small:0px;\"><h5 class=\"fusion-title-heading title-heading-left\" style=\"margin:0;\">Von barmherzigen Schwestern, Pestschn\u00e4beln und einer englischen Nachtigall<\/h5><\/div><div class=\"fusion-title title fusion-title-2 fusion-sep-none fusion-title-text fusion-title-size-two\" style=\"--awb-margin-top:20px;--awb-margin-bottom:40px;--awb-margin-top-small:10px;--awb-margin-right-small:0px;--awb-margin-bottom-small:10px;--awb-margin-left-small:0px;\"><h2 class=\"fusion-title-heading title-heading-left\" style=\"margin:0;\">Eine F\u00fchrung durch die Geschichte der Krankenpflege<\/h2><\/div><\/div><\/div><\/div><\/div><div class=\"fusion-fullwidth fullwidth-box fusion-builder-row-2 fusion-flex-container nonhundred-percent-fullwidth non-hundred-percent-height-scrolling\" style=\"--awb-border-radius-top-left:0px;--awb-border-radius-top-right:0px;--awb-border-radius-bottom-right:0px;--awb-border-radius-bottom-left:0px;--awb-flex-wrap:wrap;\" ><div class=\"fusion-builder-row fusion-row fusion-flex-align-items-flex-start fusion-flex-content-wrap\" style=\"max-width:1064.96px;margin-left: calc(-4% \/ 2 );margin-right: calc(-4% \/ 2 );\"><div class=\"fusion-layout-column fusion_builder_column fusion-builder-column-1 fusion_builder_column_2_3 2_3 fusion-flex-column\" style=\"--awb-bg-size:cover;--awb-width-large:66.666666666667%;--awb-margin-top-large:0px;--awb-spacing-right-large:2.88%;--awb-margin-bottom-large:20px;--awb-spacing-left-large:2.88%;--awb-width-medium:66.666666666667%;--awb-order-medium:0;--awb-spacing-right-medium:2.88%;--awb-spacing-left-medium:2.88%;--awb-width-small:100%;--awb-order-small:0;--awb-spacing-right-small:1.92%;--awb-spacing-left-small:1.92%;\"><div class=\"fusion-column-wrapper fusion-column-has-shadow fusion-flex-justify-content-flex-start fusion-content-layout-column\"><div class=\"fusion-text fusion-text-1\" style=\"--awb-line-height:1;\"><p>Wenn Sie wissen m\u00f6chten:<\/p>\n<\/div><div class=\"fusion-text fusion-text-2\" style=\"--awb-line-height:1.2;--awb-margin-top:-15px;\"><ul>\n<li><strong>warum die Krankenschwestern fr\u00fcher Krankenschwestern hiessen?<\/strong><\/li>\n<li><strong>was die R\u00f6mer mit Hygiene zu tun hatten?<\/strong><\/li>\n<li><strong>welchen Einfluss Hildegard und ihre Klostermedizin auf die Gesundheit der Menschen hatte?<\/strong><\/li>\n<li><strong>was die barmherzigen Schwestern in den Siechenh\u00e4usern gemacht haben?<\/strong><\/li>\n<li><strong>wie die Welt der Gesundheit heute ohne Nightingale aussehen w\u00fcrde?<\/strong><\/li>\n<\/ul>\n<\/div><div class=\"fusion-text fusion-text-3\"><p>&#8230; dann nehmen Sie mit <strong>Cornelia Lindner<\/strong> (Stadtf\u00fchrerin) an einem der geplanten \u00f6ffentlichen Rundg\u00e4nge durch die Geschichte und die Stadt teil. Oder buchen Sie Ihre individuelle F\u00fchrung.<\/p>\n<\/div><div class=\"fusion-text fusion-text-4\"><p>Es stellen sich viele Fragen, die auf diesen Stadtf\u00fchrungen durch die Geschichte der Krankenpflege erl\u00e4utert werden. Nicht vergessen geht dabei auch die Geschichte der ersten Medizinerinnen und der Einfluss von Pflege und Medizin auf die Entwicklung der Stadtarchitektur.<\/p>\n<\/div><div class=\"fusion-text fusion-text-5\" style=\"--awb-text-transform:none;\"><p>Nutzen Sie die M\u00f6glichkeit einer individuellen F\u00fchrung. Ob Team-Anlass, Betriebsausflug oder Familienfeier. Fragen sie mich einfach an: <a href=\"https:\/\/www.fieberkurve.ch\/?page_id=93\">Kontaktformular<\/a>.<\/p>\n<p><strong>\u00a0<\/strong><\/p>\n<\/div><\/div><\/div><div class=\"fusion-layout-column fusion_builder_column fusion-builder-column-2 fusion_builder_column_1_3 1_3 fusion-flex-column\" style=\"--awb-bg-size:cover;--awb-width-large:33.333333333333%;--awb-margin-top-large:0px;--awb-spacing-right-large:5.76%;--awb-margin-bottom-large:20px;--awb-spacing-left-large:5.76%;--awb-width-medium:33.333333333333%;--awb-order-medium:0;--awb-spacing-right-medium:5.76%;--awb-spacing-left-medium:5.76%;--awb-width-small:100%;--awb-order-small:0;--awb-spacing-right-small:1.92%;--awb-spacing-left-small:1.92%;\"><div class=\"fusion-column-wrapper fusion-column-has-shadow fusion-flex-justify-content-flex-start fusion-content-layout-column\"><div class=\"fusion-image-element \" style=\"text-align:center;--awb-margin-top:20px;--awb-caption-title-font-family:var(--h2_typography-font-family);--awb-caption-title-font-weight:var(--h2_typography-font-weight);--awb-caption-title-font-style:var(--h2_typography-font-style);--awb-caption-title-size:var(--h2_typography-font-size);--awb-caption-title-transform:var(--h2_typography-text-transform);--awb-caption-title-line-height:var(--h2_typography-line-height);--awb-caption-title-letter-spacing:var(--h2_typography-letter-spacing);\"><span class=\" fusion-imageframe imageframe-none imageframe-1 hover-type-none\"><a class=\"fusion-no-lightbox\" href=\"https:\/\/www.fieberkurve.ch\/?page_id=93\" target=\"_self\" aria-label=\"button rundgang privat 180 x 64\"><img decoding=\"async\" width=\"180\" height=\"64\" src=\"https:\/\/www.fieberkurve.ch\/wp-content\/uploads\/button-rundgang-privat-180-x-64.png\" alt class=\"img-responsive wp-image-122\" srcset=\"https:\/\/fieberkurve.ch\/wp-content\/uploads\/button-rundgang-privat-180-x-64-177x64.png 177w, https:\/\/fieberkurve.ch\/wp-content\/uploads\/button-rundgang-privat-180-x-64.png 180w\" sizes=\"(max-width: 180px) 100vw, 180px\" \/><\/a><\/span><\/div><div class=\"fusion-separator\" style=\"align-self: center;margin-left: auto;margin-right: auto;margin-top:30px;margin-bottom:10px;width:100%;max-width:80%;\"><div class=\"fusion-separator-border sep-single sep-solid\" style=\"--awb-height:20px;--awb-amount:20px;--awb-sep-color:#000000;border-color:#000000;border-top-width:1px;\"><\/div><\/div><div class=\"fusion-image-element \" style=\"text-align:center;--awb-margin-top:20px;--awb-caption-title-font-family:var(--h2_typography-font-family);--awb-caption-title-font-weight:var(--h2_typography-font-weight);--awb-caption-title-font-style:var(--h2_typography-font-style);--awb-caption-title-size:var(--h2_typography-font-size);--awb-caption-title-transform:var(--h2_typography-text-transform);--awb-caption-title-line-height:var(--h2_typography-line-height);--awb-caption-title-letter-spacing:var(--h2_typography-letter-spacing);\"><span class=\" fusion-imageframe imageframe-none imageframe-2 hover-type-none\"><a class=\"fusion-no-lightbox\" href=\"https:\/\/www.fieberkurve.ch\/?page_id=102\" target=\"_self\" aria-label=\"button rundgang \u00f6ffentlich 180 x 64\"><img decoding=\"async\" width=\"180\" height=\"64\" src=\"https:\/\/www.fieberkurve.ch\/wp-content\/uploads\/2021\/09\/button-rundgang-oeffentlich-180-x-64.png\" alt class=\"img-responsive wp-image-112\" srcset=\"https:\/\/fieberkurve.ch\/wp-content\/uploads\/2021\/09\/button-rundgang-oeffentlich-180-x-64-177x64.png 177w, https:\/\/fieberkurve.ch\/wp-content\/uploads\/2021\/09\/button-rundgang-oeffentlich-180-x-64.png 180w\" sizes=\"(max-width: 180px) 100vw, 180px\" \/><\/a><\/span><\/div><div class=\"fusion-separator\" style=\"align-self: center;margin-left: auto;margin-right: auto;margin-top:30px;margin-bottom:10px;width:100%;max-width:80%;\"><div class=\"fusion-separator-border sep-single sep-solid\" style=\"--awb-height:20px;--awb-amount:20px;--awb-sep-color:#000000;border-color:#000000;border-top-width:1px;\"><\/div><\/div><div class=\"fusion-text fusion-text-6\" style=\"--awb-text-transform:none;--awb-margin-top:10px;\"><p style=\"text-align: center;\">In den Medien<\/p>\n<\/div><div class=\"fusion-image-element \" style=\"text-align:center;--awb-margin-top:0px;--awb-caption-title-font-family:var(--h2_typography-font-family);--awb-caption-title-font-weight:var(--h2_typography-font-weight);--awb-caption-title-font-style:var(--h2_typography-font-style);--awb-caption-title-size:var(--h2_typography-font-size);--awb-caption-title-transform:var(--h2_typography-text-transform);--awb-caption-title-line-height:var(--h2_typography-line-height);--awb-caption-title-letter-spacing:var(--h2_typography-letter-spacing);\"><span class=\" fusion-imageframe imageframe-glow imageframe-3 hover-type-none\" style=\"border:1px solid #b8c6c0;-webkit-box-shadow: 0 0 3px rgba(15,15,15,0.3);box-shadow: 0 0 3px rgba(15,15,15,0.3);\"><a class=\"fusion-no-lightbox\" href=\"https:\/\/www.fieberkurve.ch\/wp-content\/uploads\/Solothurner-Zeitung-20211102-Artikel.pdf\" target=\"_blank\" aria-label=\"Solothurner Zeitung 20211102 Titelbild\" rel=\"noopener noreferrer\"><img decoding=\"async\" width=\"193\" height=\"300\" src=\"https:\/\/www.fieberkurve.ch\/wp-content\/uploads\/Solothurner-Zeitung-20211102-Titelbild-193x300.jpg\" alt class=\"img-responsive wp-image-171\" srcset=\"https:\/\/fieberkurve.ch\/wp-content\/uploads\/Solothurner-Zeitung-20211102-Titelbild-193x300.jpg 193w, https:\/\/fieberkurve.ch\/wp-content\/uploads\/Solothurner-Zeitung-20211102-Titelbild.jpg 200w\" sizes=\"(max-width: 193px) 100vw, 193px\" \/><\/a><\/span><\/div><\/div><\/div><\/div><\/div><\/p>\n","protected":false},"excerpt":{"rendered":"","protected":false},"author":4,"featured_media":0,"parent":0,"menu_order":100,"comment_status":"closed","ping_status":"closed","template":"","meta":{"footnotes":""},"class_list":["post-9","page","type-page","status-publish","hentry"],"_links":{"self":[{"href":"https:\/\/fieberkurve.ch\/index.php?rest_route=\/wp\/v2\/pages\/9","targetHints":{"allow":["GET"]}}],"collection":[{"href":"https:\/\/fieberkurve.ch\/index.php?rest_route=\/wp\/v2\/pages"}],"about":[{"href":"https:\/\/fieberkurve.ch\/index.php?rest_route=\/wp\/v2\/types\/page"}],"author":[{"embeddable":true,"href":"https:\/\/fieberkurve.ch\/index.php?rest_route=\/wp\/v2\/users\/4"}],"replies":[{"embeddable":true,"href":"https:\/\/fieberkurve.ch\/index.php?rest_route=%2Fwp%2Fv2%2Fcomments&post=9"}],"version-history":[{"count":92,"href":"https:\/\/fieberkurve.ch\/index.php?rest_route=\/wp\/v2\/pages\/9\/revisions"}],"predecessor-version":[{"id":192,"href":"https:\/\/fieberkurve.ch\/index.php?rest_route=\/wp\/v2\/pages\/9\/revisions\/192"}],"wp:attachment":[{"href":"https:\/\/fieberkurve.ch\/index.php?rest_route=%2Fwp%2Fv2%2Fmedia&parent=9"}],"curies":[{"name":"wp","href":"https:\/\/api.w.org\/{rel}","templated":true}]}}